{"id":2,"date":"2018-11-26T14:22:06","date_gmt":"2018-11-26T17:22:06","guid":{"rendered":"http:\/\/onthecity.cl\/?page_id=2"},"modified":"2018-11-26T14:22:06","modified_gmt":"2018-11-26T17:22:06","slug":"pagina-de-ejemplo","status":"publish","type":"page","link":"https:\/\/onthecity.cl\/index.php\/pagina-de-ejemplo\/","title":{"rendered":"P\u00e1gina de ejemplo"},"content":{"rendered":"<p>Esta es una p\u00e1gina de ejemplo. Es diferente a un art\u00edculo del blog, ya que se quedar\u00e1 fijo y se mostrar\u00e1 en la navegaci\u00f3n del sitio (en la mayor\u00eda de themes). La mayor\u00eda de la gente empieza con una p\u00e1gina Acerca de que brinda informaci\u00f3n a los visitantes. Se podr\u00eda decir algo como esto:<\/p>\n<blockquote><p>\u00a1Hola! Durante el d\u00eda soy un mensajero sobre bicicleta, un aspirante a actor por la noche, y este es mi blog. Vivo en Los \u00c1ngeles, tengo un perro grande llamado Jack, y me gustan las pi\u00f1as coladas. (Y quedar atrapado en la lluvia.)<\/p><\/blockquote>\n<p>&#8230;o algo como esto:<\/p>\n<blockquote><p>La compa\u00f1\u00eda XYZ Artilugios, fue fundada en 1971, y ha estado desde entonces proporcionando al p\u00fablico de artilugios de calidad. Est\u00e1 situado en la ciudad de Gotham, XYZ emplea a m\u00e1s de 2.000 personas y hace todo tipo de cosas impresionantes para la comunidad de Gotham.<\/p><\/blockquote>\n<p>Como nuevo usuario de WordPress, usted debe ir a <a href=\"http:\/\/onthecity.cl\/wp-admin\/\">su Escritorio<\/a> para eliminar esta p\u00e1gina y crear nuevas para su contenido. \u00a1Que se divierta!<\/p>\n","protected":false},"excerpt":{"rendered":"<p>Esta es una p\u00e1gina de ejemplo. Es diferente a un art\u00edculo del blog, ya que se quedar\u00e1 fijo y se mostrar\u00e1 en la navegaci\u00f3n del sitio (en la mayor\u00eda de themes). La mayor\u00eda de la gente empieza con una p\u00e1gina Acerca de que brinda informaci\u00f3n a los visitantes. Se podr\u00eda decir algo como esto: \u00a1Hola! &hellip; <\/p>\n<p class=\"link-more\"><a href=\"https:\/\/onthecity.cl\/index.php\/pagina-de-ejemplo\/\" class=\"more-link\">Continua leyendo<span class=\"screen-reader-text\"> &#8220;P\u00e1gina de ejemplo&#8221;<\/span><\/a><\/p>\n","protected":false},"author":1,"featured_media":0,"parent":0,"menu_order":0,"comment_status":"closed","ping_status":"open","template":"","meta":{"footnotes":""},"class_list":["post-2","page","type-page","status-publish","hentry"],"_links":{"self":[{"href":"https:\/\/onthecity.cl\/index.php\/wp-json\/wp\/v2\/pages\/2","targetHints":{"allow":["GET"]}}],"collection":[{"href":"https:\/\/onthecity.cl\/index.php\/wp-json\/wp\/v2\/pages"}],"about":[{"href":"https:\/\/onthecity.cl\/index.php\/wp-json\/wp\/v2\/types\/page"}],"author":[{"embeddable":true,"href":"https:\/\/onthecity.cl\/index.php\/wp-json\/wp\/v2\/users\/1"}],"replies":[{"embeddable":true,"href":"https:\/\/onthecity.cl\/index.php\/wp-json\/wp\/v2\/comments?post=2"}],"version-history":[{"count":0,"href":"https:\/\/onthecity.cl\/index.php\/wp-json\/wp\/v2\/pages\/2\/revisions"}],"wp:attachment":[{"href":"https:\/\/onthecity.cl\/index.php\/wp-json\/wp\/v2\/media?parent=2"}],"curies":[{"name":"wp","href":"https:\/\/api.w.org\/{rel}","templated":true}]}}