{"id":19,"date":"2018-11-26T17:15:52","date_gmt":"2018-11-26T20:15:52","guid":{"rendered":"http:\/\/onthecity.cl\/?page_id=19"},"modified":"2018-11-26T17:15:52","modified_gmt":"2018-11-26T20:15:52","slug":"contacto","status":"publish","type":"page","link":"https:\/\/onthecity.cl\/index.php\/contacto\/","title":{"rendered":"Contacto"},"content":{"rendered":"<p>Esta es una p\u00e1gina con informaci\u00f3n de contacto b\u00e1sica, como direcci\u00f3n y n\u00famero de tel\u00e9fono. Incluso puedes probar un plugin para a\u00f1adir un formulario de contacto.<\/p>\n","protected":false},"excerpt":{"rendered":"<p>Esta es una p\u00e1gina con informaci\u00f3n de contacto b\u00e1sica, como direcci\u00f3n y n\u00famero de tel\u00e9fono. Incluso puedes probar un plugin para a\u00f1adir un formulario de contacto.<\/p>\n","protected":false},"author":1,"featured_media":14,"parent":0,"menu_order":0,"comment_status":"closed","ping_status":"closed","template":"","meta":{"footnotes":""},"class_list":["post-19","page","type-page","status-publish","has-post-thumbnail","hentry"],"_links":{"self":[{"href":"https:\/\/onthecity.cl\/index.php\/wp-json\/wp\/v2\/pages\/19","targetHints":{"allow":["GET"]}}],"collection":[{"href":"https:\/\/onthecity.cl\/index.php\/wp-json\/wp\/v2\/pages"}],"about":[{"href":"https:\/\/onthecity.cl\/index.php\/wp-json\/wp\/v2\/types\/page"}],"author":[{"embeddable":true,"href":"https:\/\/onthecity.cl\/index.php\/wp-json\/wp\/v2\/users\/1"}],"replies":[{"embeddable":true,"href":"https:\/\/onthecity.cl\/index.php\/wp-json\/wp\/v2\/comments?post=19"}],"version-history":[{"count":1,"href":"https:\/\/onthecity.cl\/index.php\/wp-json\/wp\/v2\/pages\/19\/revisions"}],"predecessor-version":[{"id":32,"href":"https:\/\/onthecity.cl\/index.php\/wp-json\/wp\/v2\/pages\/19\/revisions\/32"}],"wp:featuredmedia":[{"embeddable":true,"href":"https:\/\/onthecity.cl\/index.php\/wp-json\/wp\/v2\/media\/14"}],"wp:attachment":[{"href":"https:\/\/onthecity.cl\/index.php\/wp-json\/wp\/v2\/media?parent=19"}],"curies":[{"name":"wp","href":"https:\/\/api.w.org\/{rel}","templated":true}]}}